{"id":1558,"date":"2018-08-01T12:25:30","date_gmt":"2018-08-01T10:25:30","guid":{"rendered":"https:\/\/hdskycam.eu\/?page_id=1558"},"modified":"2018-08-01T12:30:01","modified_gmt":"2018-08-01T10:30:01","slug":"contact","status":"publish","type":"page","link":"https:\/\/hdskycam.eu\/?page_id=1558","title":{"rendered":"contact"},"content":{"rendered":"<div  class=\"one withsmallpadding ppb_text\" style=\"padding:30px 0 30px 0;\" >\n<div class=\"standard_wrapper\">\n<div class=\"page_content_wrapper\">\n<div class=\"inner\">\n<div style=\"margin:auto;width:100%\">\n<div role=\"form\" class=\"wpcf7\" id=\"wpcf7-f543-o2\" lang=\"de-DE\" dir=\"ltr\">\n<div class=\"screen-reader-response\"><\/div>\n<form action=\"\/wp-admin\/post.php#wpcf7-f543-o2\" method=\"post\" class=\"wpcf7-form\" novalidate=\"novalidate\">\n<div style=\"display: none;\">\n<input type=\"hidden\" name=\"_wpcf7\" value=\"543\" \/><br \/>\n<input type=\"hidden\" name=\"_wpcf7_version\" value=\"5.0.3\" \/><br \/>\n<input type=\"hidden\" name=\"_wpcf7_locale\" value=\"de_DE\" \/><br \/>\n<input type=\"hidden\" name=\"_wpcf7_unit_tag\" value=\"wpcf7-f543-o2\" \/><br \/>\n<input type=\"hidden\" name=\"_wpcf7_container_post\" value=\"0\" \/>\n<\/div>\n<p><label> Name<br \/>\n    <span class=\"wpcf7-form-control-wrap your-name\"><input type=\"text\" name=\"your-name\" value=\"\" size=\"40\" class=\"wpcf7-form-control wpcf7-text\" aria-invalid=\"false\" \/><\/span> <\/label><\/p>\n<p><label> Company<br \/>\n    <span class=\"wpcf7-form-control-wrap your-name\"><input type=\"text\" name=\"your-name\" value=\"\" size=\"40\" class=\"wpcf7-form-control wpcf7-text\" aria-invalid=\"false\" \/><\/span> <\/label><\/p>\n<p><label>E-Mail (Required fields)<br \/>\n    <span class=\"wpcf7-form-control-wrap your-email\"><input type=\"email\" name=\"your-email\" value=\"\" size=\"40\" class=\"wpcf7-form-control wpcf7-text wpcf7-email wpcf7-validates-as-required wpcf7-validates-as-email\" aria-required=\"true\" aria-invalid=\"false\" \/><\/span> <\/label><br \/>\n<label> Subject<br \/>\n    <span class=\"wpcf7-form-control-wrap your-subject\"><input type=\"text\" name=\"your-subject\" value=\"\" size=\"40\" class=\"wpcf7-form-control wpcf7-text\" aria-invalid=\"false\" \/><\/span> <\/label><\/p>\n<p><label> Message<br \/>\n    <span class=\"wpcf7-form-control-wrap your-message\"><textarea name=\"your-message\" cols=\"40\" rows=\"10\" class=\"wpcf7-form-control wpcf7-textarea\" aria-invalid=\"false\"><\/textarea><\/span> <\/label><\/p>\n<p><label> Required fields<\/p>\n<p><span class=\"wpcf7-form-control-wrap acceptance-737\"><span class=\"wpcf7-form-control wpcf7-acceptance\"><span class=\"wpcf7-list-item\"><label><input type=\"checkbox\" name=\"acceptance-737\" value=\"1\" aria-invalid=\"false\" \/><span class=\"wpcf7-list-item-label\">I consent to the processing of my personal data for the purpose of contacting me. I know that I can revoke my consent at any time, e.g. by email to info@HD-SKYCAM.tv. The processing stay in effect. After processing, your personal information will be deleted.<\/span><\/label><\/span><\/span><\/span><br \/>\n<span class=\"wpcf7-form-control-wrap acceptance-737\"><span class=\"wpcf7-form-control wpcf7-acceptance\"><span class=\"wpcf7-list-item\"><label><input type=\"checkbox\" name=\"acceptance-737\" value=\"1\" aria-invalid=\"false\" \/><span class=\"wpcf7-list-item-label\">I have read and understood the privacy statement below. <a href=\" https:\/\/hdskycam.eu\/datenschutz\/ \"\n>Piracy Policy<\/a><\/span><\/label><\/span><\/span><\/span><\/p>\n<div class=\"wpcf7-form-control-wrap\">\n<div data-sitekey=\"6Ldco0wUAAAAAPoMqui68i749kAjE_nAxrZg9rPy\" class=\"wpcf7-form-control g-recaptcha wpcf7-recaptcha\"><\/div>\n<p><noscript><\/p>\n<div style=\"width: 302px; height: 422px;\">\n<div style=\"width: 302px; height: 422px; position: relative;\">\n<div style=\"width: 302px; height: 422px; position: absolute;\">\n\t\t\t\t<iframe src=\"https:\/\/www.google.com\/recaptcha\/api\/fallback?k=6Ldco0wUAAAAAPoMqui68i749kAjE_nAxrZg9rPy\" frameborder=\"0\" scrolling=\"no\" style=\"width: 302px; height:422px; border-style: none;\"><br \/>\n\t\t\t\t<\/iframe>\n\t\t\t<\/div>\n<div style=\"width: 300px; height: 60px; border-style: none; bottom: 12px; left: 25px; margin: 0px; padding: 0px; right: 25px; background: #f9f9f9; border: 1px solid #c1c1c1; border-radius: 3px;\">\n\t\t\t\t<textarea id=\"g-recaptcha-response\" name=\"g-recaptcha-response\" class=\"g-recaptcha-response\" style=\"width: 250px; height: 40px; border: 1px solid #c1c1c1; margin: 10px 25px; padding: 0px; resize: none;\"><br \/>\n\t\t\t\t<\/textarea>\n\t\t\t<\/div>\n<\/p><\/div>\n<\/p><\/div>\n<p><\/noscript>\n<\/div>\n<p><input type=\"submit\" value=\"Send\" class=\"wpcf7-form-control wpcf7-submit\" \/><\/p>\n<div class=\"wpcf7-response-output wpcf7-display-none\"><\/div>\n<\/form>\n<\/div>\n<\/div>\n<\/div>\n<\/div>\n<\/div>\n<\/div>\n<div  class=\"one withsmallpadding ppb_text\" style=\"padding:30px;\" >\n<div class=\"wpgmp_map_container wpgmp-map-1\" rel=\"map1\">\n<div class=\"wpgmp_map \" style=\"width:100%; height:450px;\" id=\"map1\" ><\/div>\n<\/div>\n<p><script>jQuery(document).ready(function($) {var map1 = $(\"#map1\").maps({\"map_options\":{\"center_lat\":\"51.5\",\"center_lng\":\"9\",\"zoom\":5,\"map_type_id\":\"ROADMAP\",\"center_by_nearest\":false,\"fit_bounds\":false,\"center_circle_fillcolor\":\"#8CAEF2\",\"center_circle_fillopacity\":\".5\",\"center_circle_strokecolor\":\"#8CAEF2\",\"center_circle_strokeopacity\":\".5\",\"center_circle_radius\":\"5\",\"show_center_circle\":false,\"show_center_marker\":false,\"center_marker_icon\":\"https:\/\/hdskycam.eu\/wp-content\/plugins\/wp-google-map-gold\/assets\/images\/\/default_marker.png\",\"center_marker_infowindow\":\"\",\"center_circle_strokeweight\":\"1\",\"draggable\":true,\"scroll_wheel\":false,\"display_45_imagery\":\"\",\"gesture\":\"auto\",\"marker_default_icon\":\"https:\/\/hdskycam.eu\/wp-content\/plugins\/wp-google-map-gold\/assets\/images\/\/default_marker.png\",\"infowindow_setting\":\"<\/p>\n<div class=\"fc-main\">n<\/p>\n<div class=\"fc-item-title\">{marker_title} <span class=\"fc-badge info\">{marker_category}<\/span><\/div>\n<p>n<\/p>\n<div class=\"fc-item-featured_image\">{marker_image} <\/div>\n<p>n<\/p>\n<p>{marker_message}<\/p>\n<p>n<\/p>\n<address><b>Address : <\/b>{marker_address}<\/address>\n<p>n<\/p><\/div>\n<p>n\",\"infowindow_geotags_setting\":\"<\/p>\n<div class=\"fc-main\">n<\/p>\n<div class=\"fc-item-title\">{post_title} <span class=\"fc-badge info\">{post_categories}<\/span><\/div>\n<p>n<\/p>\n<div class=\"fc-item-featured_image\">{post_featured_image} <\/div>\n<p>n<\/p>\n<p>{post_excerpt}<\/p>\n<p>n<\/p>\n<address><b>Address : <\/b>{marker_address}<\/address>\n<p>n<\/p>\n<p><a target=\"_blank\"  class=\"fc-btn fc-btn-small fc-btn-red\" href=\"{post_link}\">Read More...<\/a><\/div>\n<p>n\",\"infowindow_bounce_animation\":\"\",\"infowindow_drop_animation\":false,\"close_infowindow_on_map_click\":false,\"default_infowindow_open\":false,\"infowindow_open_event\":\"click\",\"infowindow_filter_only\":false,\"infowindow_click_change_zoom\":0,\"infowindow_click_change_center\":false,\"full_screen_control\":true,\"search_control\":true,\"zoom_control\":true,\"map_type_control\":false,\"street_view_control\":false,\"mobile_specific\":false,\"zoom_mobile\":0,\"draggable_mobile\":true,\"scroll_wheel_mobile\":true,\"full_screen_control_position\":\"TOP_RIGHT\",\"search_control_position\":\"TOP_LEFT\",\"zoom_control_position\":\"TOP_LEFT\",\"map_type_control_position\":\"TOP_RIGHT\",\"map_type_control_style\":\"HORIZONTAL_BAR\",\"street_view_control_position\":\"TOP_LEFT\",\"map_control\":true,\"map_control_settings\":[],\"screens\":{\"smartphones\":{\"map_width_mobile\":\"\",\"map_height_mobile\":\"\",\"map_zoom_level_mobile\":\"5\"},\"ipads\":{\"map_width_mobile\":\"\",\"map_height_mobile\":\"\",\"map_zoom_level_mobile\":\"5\"},\"large-screens\":{\"map_width_mobile\":\"\",\"map_height_mobile\":\"\",\"map_zoom_level_mobile\":\"5\"}},\"map_infowindow_customisations\":false,\"infowindow_border_color\":\"rgba(0, 0, 0, 0.0980392)\",\"infowindow_bg_color\":\"#fff\",\"show_infowindow_header\":false,\"min_zoom\":\"0\",\"max_zoom\":\"19\",\"width\":\"\",\"height\":\"450\"},\"places\":[{\"id\":\"1\",\"title\":\"HD-Skycam GmbH Wu00f6rrstadt\",\"address\":\"Spiesheimer Weg 28-30, Wu00f6rrstadt, Germany\",\"source\":\"manual\",\"content\":\"\",\"location\":{\"icon\":\"https:\/\/hdskycam.eu\/wp-content\/plugins\/wp-google-map-gold\/assets\/images\/icons\/locator_hdskycam_65x65.png\",\"lat\":\"49.8354\",\"lng\":\"8.125009999999975\",\"city\":\"Alzey-Worms\",\"state\":\"Rheinland-Pfalz\",\"country\":\"Germany\",\"onclick_action\":\"marker\",\"redirect_custom_link\":\"\",\"marker_image\":\"\",\"open_new_tab\":\"yes\",\"postal_code\":\"55286\",\"draggable\":false,\"infowindow_default_open\":false,\"animation\":\"BOUNCE\",\"infowindow_disable\":true,\"zoom\":5,\"extra_fields\":{\"listorder\":0}},\"categories\":[{\"id\":\"1\",\"name\":\"HD-Skycam GmbH Direkte Partner\",\"type\":\"category\",\"extension_fields\":{\"cat_order\":\"0\"},\"icon\":\"https:\/\/hdskycam.eu\/wp-content\/plugins\/wp-google-map-gold\/assets\/images\/icons\/locator_hdskycam_65x65.png\"}],\"custom_filters\":[]},{\"id\":\"2\",\"title\":\"KMN Helikopters - HD-Skycam GmbH\",\"address\":\"Kamerland 14, 25358 Sommerland, Germany\",\"source\":\"manual\",\"content\":\"\",\"location\":{\"icon\":\"https:\/\/hdskycam.eu\/wp-content\/plugins\/wp-google-map-gold\/assets\/images\/icons\/locator_hdskycam_65x65.png\",\"lat\":\"53.79312879964901\",\"lng\":\"9.549965188885494\",\"city\":\"Steinburg\",\"state\":\"Schleswig-Holstein\",\"country\":\"Germany\",\"onclick_action\":\"marker\",\"redirect_custom_link\":\"\",\"marker_image\":\"\",\"open_new_tab\":\"yes\",\"postal_code\":\"25358\",\"draggable\":false,\"infowindow_default_open\":false,\"animation\":\"BOUNCE\",\"infowindow_disable\":true,\"zoom\":5,\"extra_fields\":{\"listorder\":0}},\"categories\":[{\"id\":\"1\",\"name\":\"HD-Skycam GmbH Direkte Partner\",\"type\":\"category\",\"extension_fields\":{\"cat_order\":\"0\"},\"icon\":\"https:\/\/hdskycam.eu\/wp-content\/plugins\/wp-google-map-gold\/assets\/images\/icons\/locator_hdskycam_65x65.png\"}],\"custom_filters\":[]},{\"id\":\"3\",\"title\":\"Alex Kaiser - HD-Skycam GmbH Austria\",\"address\":\"Schwedenstrau00dfe 32a, 6710 Nenzing, u00d6sterreich\",\"source\":\"manual\",\"content\":\"\",\"location\":{\"icon\":\"https:\/\/hdskycam.eu\/wp-content\/plugins\/wp-google-map-gold\/assets\/images\/icons\/locator_hdskycam_65x65.png\",\"lat\":\"47.1895689\",\"lng\":\"9.70509590000006\",\"city\":\"Nenzing\",\"state\":\"Vorarlberg\",\"country\":\"Austria\",\"onclick_action\":\"marker\",\"redirect_custom_link\":\"\",\"marker_image\":\"<img src='https:\/\/hdskycam.eu\/wp-content\/uploads\/2018\/03\/Foto-2-Alex-150x150.jpg' class='wpgmp_marker_image' \/>\",\"open_new_tab\":\"yes\",\"postal_code\":\"6710\",\"draggable\":false,\"infowindow_default_open\":false,\"animation\":\"BOUNCE\",\"infowindow_disable\":true,\"zoom\":5,\"extra_fields\":{\"listorder\":0}},\"categories\":[{\"id\":\"1\",\"name\":\"HD-Skycam GmbH Direkte Partner\",\"type\":\"category\",\"extension_fields\":{\"cat_order\":\"0\"},\"icon\":\"https:\/\/hdskycam.eu\/wp-content\/plugins\/wp-google-map-gold\/assets\/images\/icons\/locator_hdskycam_65x65.png\"}],\"custom_filters\":[]}],\"styles\":null,\"street_view\":null,\"routes\":null,\"marker_cluster\":null,\"overlay_setting\":null,\"panning_control\":null,\"map_tabs\":{\"category_tab\":null,\"direction_tab\":null,\"nearby_tab\":null,\"route_tab\":null},\"listing\":null,\"map_property\":{\"map_id\":\"1\"},\"shapes\":{\"drawing_editable\":true},\"filters\":{\"custom_filters\":[],\"filters_container\":\"[data-container=\"wpgmp-filters-container\"]\"}}).data(\"wpgmp_maps\");});<\/script><\/p>\n<style>.wpgmp-map-1 ,.wpgmp-map-1  .wpgmp_tabs_container,.wpgmp-map-1  .wpgmp_listing_container { font-size : 16px !important;}<\/style>\n<\/div>\n","protected":false},"excerpt":{"rendered":"","protected":false},"author":1,"featured_media":115,"parent":0,"menu_order":0,"comment_status":"closed","ping_status":"closed","template":"","meta":{"inline_featured_image":false},"yoast_head":"<!-- This site is optimized with the Yoast SEO plugin v19.7.1 - https:\/\/yoast.com\/wordpress\/plugins\/seo\/ -->\n<title>contact - HD-Skycam TV GmbH<\/title>\n<meta name=\"description\" content=\"Cineflex, GSS und Shotover, Luftbilder, Fahrbilder, weltweit,\" \/>\n<meta name=\"robots\" content=\"index, follow, max-snippet:-1, max-image-preview:large, max-video-preview:-1\" \/>\n<link rel=\"canonical\" href=\"https:\/\/hdskycam.eu\/?page_id=1558\" \/>\n<meta property=\"og:locale\" content=\"de_DE\" \/>\n<meta property=\"og:type\" content=\"article\" \/>\n<meta property=\"og:title\" content=\"contact - HD-Skycam TV GmbH\" \/>\n<meta property=\"og:description\" content=\"Cineflex, GSS und Shotover, Luftbilder, Fahrbilder, weltweit,\" \/>\n<meta property=\"og:url\" content=\"https:\/\/hdskycam.eu\/?page_id=1558\" \/>\n<meta property=\"og:site_name\" content=\"HD-Skycam TV GmbH\" \/>\n<meta property=\"article:publisher\" content=\"https:\/\/www.facebook.com\/HDSkycam\/?ref=br_tf\" \/>\n<meta property=\"article:modified_time\" content=\"2018-08-01T10:30:01+00:00\" \/>\n<meta property=\"og:image\" content=\"https:\/\/hdskycam.eu\/wp-content\/uploads\/2018\/02\/20150625_170727.jpg\" \/>\n\t<meta property=\"og:image:width\" content=\"1600\" \/>\n\t<meta property=\"og:image:height\" content=\"1200\" \/>\n\t<meta property=\"og:image:type\" content=\"image\/jpeg\" \/>\n<meta name=\"twitter:card\" content=\"summary_large_image\" \/>\n<script type=\"application\/ld+json\" class=\"yoast-schema-graph\">{\"@context\":\"https:\/\/schema.org\",\"@graph\":[{\"@type\":\"WebPage\",\"@id\":\"https:\/\/hdskycam.eu\/?page_id=1558\",\"url\":\"https:\/\/hdskycam.eu\/?page_id=1558\",\"name\":\"contact - HD-Skycam TV GmbH\",\"isPartOf\":{\"@id\":\"https:\/\/hdskycam.eu\/#website\"},\"datePublished\":\"2018-08-01T10:25:30+00:00\",\"dateModified\":\"2018-08-01T10:30:01+00:00\",\"description\":\"Cineflex, GSS und Shotover, Luftbilder, Fahrbilder, weltweit,\",\"breadcrumb\":{\"@id\":\"https:\/\/hdskycam.eu\/?page_id=1558#breadcrumb\"},\"inLanguage\":\"de\",\"potentialAction\":[{\"@type\":\"ReadAction\",\"target\":[\"https:\/\/hdskycam.eu\/?page_id=1558\"]}]},{\"@type\":\"BreadcrumbList\",\"@id\":\"https:\/\/hdskycam.eu\/?page_id=1558#breadcrumb\",\"itemListElement\":[{\"@type\":\"ListItem\",\"position\":1,\"name\":\"Startseite\",\"item\":\"https:\/\/hdskycam.eu\/\"},{\"@type\":\"ListItem\",\"position\":2,\"name\":\"contact\"}]},{\"@type\":\"WebSite\",\"@id\":\"https:\/\/hdskycam.eu\/#website\",\"url\":\"https:\/\/hdskycam.eu\/\",\"name\":\"HD-Skycam TV GmbH\",\"description\":\"Cam\u00e9ra H\u00e9licopt\u00e8re et Drone\",\"publisher\":{\"@id\":\"https:\/\/hdskycam.eu\/#organization\"},\"potentialAction\":[{\"@type\":\"SearchAction\",\"target\":{\"@type\":\"EntryPoint\",\"urlTemplate\":\"https:\/\/hdskycam.eu\/?s={search_term_string}\"},\"query-input\":\"required name=search_term_string\"}],\"inLanguage\":\"de\"},{\"@type\":\"Organization\",\"@id\":\"https:\/\/hdskycam.eu\/#organization\",\"name\":\"HD-Skycam GmbH\",\"url\":\"https:\/\/hdskycam.eu\/\",\"sameAs\":[\"https:\/\/www.instagram.com\/hdskycam\/\",\"https:\/\/www.youtube.com\/user\/HDSkycamGmbH\",\"https:\/\/www.facebook.com\/HDSkycam\/?ref=br_tf\"],\"logo\":{\"@type\":\"ImageObject\",\"inLanguage\":\"de\",\"@id\":\"https:\/\/hdskycam.eu\/#\/schema\/logo\/image\/\",\"url\":\"https:\/\/hdskycam.eu\/wp-content\/uploads\/2018\/02\/hdskycam_logo_schwarz_cd.png\",\"contentUrl\":\"https:\/\/hdskycam.eu\/wp-content\/uploads\/2018\/02\/hdskycam_logo_schwarz_cd.png\",\"width\":640,\"height\":82,\"caption\":\"HD-Skycam GmbH\"},\"image\":{\"@id\":\"https:\/\/hdskycam.eu\/#\/schema\/logo\/image\/\"}}]}<\/script>\n<!-- \/ Yoast SEO plugin. -->","yoast_head_json":{"title":"contact - HD-Skycam TV GmbH","description":"Cineflex, GSS und Shotover, Luftbilder, Fahrbilder, weltweit,","robots":{"index":"index","follow":"follow","max-snippet":"max-snippet:-1","max-image-preview":"max-image-preview:large","max-video-preview":"max-video-preview:-1"},"canonical":"https:\/\/hdskycam.eu\/?page_id=1558","og_locale":"de_DE","og_type":"article","og_title":"contact - HD-Skycam TV GmbH","og_description":"Cineflex, GSS und Shotover, Luftbilder, Fahrbilder, weltweit,","og_url":"https:\/\/hdskycam.eu\/?page_id=1558","og_site_name":"HD-Skycam TV GmbH","article_publisher":"https:\/\/www.facebook.com\/HDSkycam\/?ref=br_tf","article_modified_time":"2018-08-01T10:30:01+00:00","og_image":[{"width":1600,"height":1200,"url":"https:\/\/hdskycam.eu\/wp-content\/uploads\/2018\/02\/20150625_170727.jpg","type":"image\/jpeg"}],"twitter_card":"summary_large_image","schema":{"@context":"https:\/\/schema.org","@graph":[{"@type":"WebPage","@id":"https:\/\/hdskycam.eu\/?page_id=1558","url":"https:\/\/hdskycam.eu\/?page_id=1558","name":"contact - HD-Skycam TV GmbH","isPartOf":{"@id":"https:\/\/hdskycam.eu\/#website"},"datePublished":"2018-08-01T10:25:30+00:00","dateModified":"2018-08-01T10:30:01+00:00","description":"Cineflex, GSS und Shotover, Luftbilder, Fahrbilder, weltweit,","breadcrumb":{"@id":"https:\/\/hdskycam.eu\/?page_id=1558#breadcrumb"},"inLanguage":"de","potentialAction":[{"@type":"ReadAction","target":["https:\/\/hdskycam.eu\/?page_id=1558"]}]},{"@type":"BreadcrumbList","@id":"https:\/\/hdskycam.eu\/?page_id=1558#breadcrumb","itemListElement":[{"@type":"ListItem","position":1,"name":"Startseite","item":"https:\/\/hdskycam.eu\/"},{"@type":"ListItem","position":2,"name":"contact"}]},{"@type":"WebSite","@id":"https:\/\/hdskycam.eu\/#website","url":"https:\/\/hdskycam.eu\/","name":"HD-Skycam TV GmbH","description":"Cam\u00e9ra H\u00e9licopt\u00e8re et Drone","publisher":{"@id":"https:\/\/hdskycam.eu\/#organization"},"potentialAction":[{"@type":"SearchAction","target":{"@type":"EntryPoint","urlTemplate":"https:\/\/hdskycam.eu\/?s={search_term_string}"},"query-input":"required name=search_term_string"}],"inLanguage":"de"},{"@type":"Organization","@id":"https:\/\/hdskycam.eu\/#organization","name":"HD-Skycam GmbH","url":"https:\/\/hdskycam.eu\/","sameAs":["https:\/\/www.instagram.com\/hdskycam\/","https:\/\/www.youtube.com\/user\/HDSkycamGmbH","https:\/\/www.facebook.com\/HDSkycam\/?ref=br_tf"],"logo":{"@type":"ImageObject","inLanguage":"de","@id":"https:\/\/hdskycam.eu\/#\/schema\/logo\/image\/","url":"https:\/\/hdskycam.eu\/wp-content\/uploads\/2018\/02\/hdskycam_logo_schwarz_cd.png","contentUrl":"https:\/\/hdskycam.eu\/wp-content\/uploads\/2018\/02\/hdskycam_logo_schwarz_cd.png","width":640,"height":82,"caption":"HD-Skycam GmbH"},"image":{"@id":"https:\/\/hdskycam.eu\/#\/schema\/logo\/image\/"}}]}},"_links":{"self":[{"href":"https:\/\/hdskycam.eu\/index.php?rest_route=\/wp\/v2\/pages\/1558"}],"collection":[{"href":"https:\/\/hdskycam.eu\/index.php?rest_route=\/wp\/v2\/pages"}],"about":[{"href":"https:\/\/hdskycam.eu\/index.php?rest_route=\/wp\/v2\/types\/page"}],"author":[{"embeddable":true,"href":"https:\/\/hdskycam.eu\/index.php?rest_route=\/wp\/v2\/users\/1"}],"replies":[{"embeddable":true,"href":"https:\/\/hdskycam.eu\/index.php?rest_route=%2Fwp%2Fv2%2Fcomments&post=1558"}],"version-history":[{"count":10,"href":"https:\/\/hdskycam.eu\/index.php?rest_route=\/wp\/v2\/pages\/1558\/revisions"}],"predecessor-version":[{"id":1574,"href":"https:\/\/hdskycam.eu\/index.php?rest_route=\/wp\/v2\/pages\/1558\/revisions\/1574"}],"wp:featuredmedia":[{"embeddable":true,"href":"https:\/\/hdskycam.eu\/index.php?rest_route=\/wp\/v2\/media\/115"}],"wp:attachment":[{"href":"https:\/\/hdskycam.eu\/index.php?rest_route=%2Fwp%2Fv2%2Fmedia&parent=1558"}],"curies":[{"name":"wp","href":"https:\/\/api.w.org\/{rel}","templated":true}]}}