{"id":30,"date":"2018-02-23T13:17:56","date_gmt":"2018-02-23T12:17:56","guid":{"rendered":"https:\/\/hdskycam.eu\/?page_id=30"},"modified":"2018-07-30T10:58:08","modified_gmt":"2018-07-30T08:58:08","slug":"hd-skycam-tv-helikopter-drohne-fahrzeug-kamera-2","status":"publish","type":"page","link":"https:\/\/hdskycam.eu\/","title":{"rendered":"Start"},"content":{"rendered":"","protected":false},"excerpt":{"rendered":"","protected":false},"author":1,"featured_media":0,"parent":0,"menu_order":0,"comment_status":"closed","ping_status":"closed","template":"","meta":{"inline_featured_image":false},"yoast_head":"<!-- This site is optimized with the Yoast SEO plugin v19.7.1 - https:\/\/yoast.com\/wordpress\/plugins\/seo\/ -->\n<title>HD-Skycam GmbH - Cineflex - Shotover - Arri - Red - Helikopter Kamera<\/title>\n<meta name=\"description\" content=\"Wir sind Anbieter professioneller Luftbilder und Fahrtbilder f\u00fcr Kinofilme, Dokumentationen und Live\u00fcbertragungen. Unsere Drohnen und Hubschrauber-Kamerasysteme sind die weltweit modernsten Systeme. Ob Arri oder Red. Alle Kameras sind m\u00f6glich. Zus\u00e4tzlich bieten wir noch Systeme f\u00fcr Boote und Autos an.\" \/>\n<meta name=\"robots\" content=\"index, follow, max-snippet:-1, max-image-preview:large, max-video-preview:-1\" \/>\n<link rel=\"canonical\" href=\"https:\/\/hdskycam.eu\/\" \/>\n<meta property=\"og:locale\" content=\"de_DE\" \/>\n<meta property=\"og:type\" content=\"article\" \/>\n<meta property=\"og:title\" content=\"HD Skycam GmbH Luftbilder, Helikopter Kamera, Kamerafahrzeug,\" \/>\n<meta property=\"og:description\" content=\"Wir sind der gr\u00f6\u00dfte Anbieter von Luftbilder mit Cineflex und Shotover aus Deutschland. Wir operieren weltweit.\" \/>\n<meta property=\"og:url\" content=\"https:\/\/hdskycam.eu\/\" \/>\n<meta property=\"og:site_name\" content=\"HD-Skycam TV GmbH\" \/>\n<meta property=\"article:publisher\" content=\"https:\/\/www.facebook.com\/HDSkycam\/?ref=br_tf\" \/>\n<meta property=\"article:modified_time\" content=\"2018-07-30T08:58:08+00:00\" \/>\n<meta name=\"twitter:card\" content=\"summary_large_image\" \/>\n<script type=\"application\/ld+json\" class=\"yoast-schema-graph\">{\"@context\":\"https:\/\/schema.org\",\"@graph\":[{\"@type\":\"WebPage\",\"@id\":\"https:\/\/hdskycam.eu\/\",\"url\":\"https:\/\/hdskycam.eu\/\",\"name\":\"HD-Skycam GmbH - Cineflex - Shotover - Arri - Red - Helikopter Kamera\",\"isPartOf\":{\"@id\":\"https:\/\/hdskycam.eu\/#website\"},\"datePublished\":\"2018-02-23T12:17:56+00:00\",\"dateModified\":\"2018-07-30T08:58:08+00:00\",\"description\":\"Wir sind Anbieter professioneller Luftbilder und Fahrtbilder f\u00fcr Kinofilme, Dokumentationen und Live\u00fcbertragungen. Unsere Drohnen und Hubschrauber-Kamerasysteme sind die weltweit modernsten Systeme. Ob Arri oder Red. Alle Kameras sind m\u00f6glich. Zus\u00e4tzlich bieten wir noch Systeme f\u00fcr Boote und Autos an.\",\"breadcrumb\":{\"@id\":\"https:\/\/hdskycam.eu\/#breadcrumb\"},\"inLanguage\":\"de\",\"potentialAction\":[{\"@type\":\"ReadAction\",\"target\":[\"https:\/\/hdskycam.eu\/\"]}]},{\"@type\":\"BreadcrumbList\",\"@id\":\"https:\/\/hdskycam.eu\/#breadcrumb\",\"itemListElement\":[{\"@type\":\"ListItem\",\"position\":1,\"name\":\"Startseite\",\"item\":\"https:\/\/hdskycam.eu\/\"},{\"@type\":\"ListItem\",\"position\":2,\"name\":\"Start\"}]},{\"@type\":\"WebSite\",\"@id\":\"https:\/\/hdskycam.eu\/#website\",\"url\":\"https:\/\/hdskycam.eu\/\",\"name\":\"HD-Skycam TV GmbH\",\"description\":\"Cam\u00e9ra H\u00e9licopt\u00e8re et Drone\",\"publisher\":{\"@id\":\"https:\/\/hdskycam.eu\/#organization\"},\"potentialAction\":[{\"@type\":\"SearchAction\",\"target\":{\"@type\":\"EntryPoint\",\"urlTemplate\":\"https:\/\/hdskycam.eu\/?s={search_term_string}\"},\"query-input\":\"required name=search_term_string\"}],\"inLanguage\":\"de\"},{\"@type\":\"Organization\",\"@id\":\"https:\/\/hdskycam.eu\/#organization\",\"name\":\"HD-Skycam GmbH\",\"url\":\"https:\/\/hdskycam.eu\/\",\"sameAs\":[\"https:\/\/www.instagram.com\/hdskycam\/\",\"https:\/\/www.youtube.com\/user\/HDSkycamGmbH\",\"https:\/\/www.facebook.com\/HDSkycam\/?ref=br_tf\"],\"logo\":{\"@type\":\"ImageObject\",\"inLanguage\":\"de\",\"@id\":\"https:\/\/hdskycam.eu\/#\/schema\/logo\/image\/\",\"url\":\"https:\/\/hdskycam.eu\/wp-content\/uploads\/2018\/02\/hdskycam_logo_schwarz_cd.png\",\"contentUrl\":\"https:\/\/hdskycam.eu\/wp-content\/uploads\/2018\/02\/hdskycam_logo_schwarz_cd.png\",\"width\":640,\"height\":82,\"caption\":\"HD-Skycam GmbH\"},\"image\":{\"@id\":\"https:\/\/hdskycam.eu\/#\/schema\/logo\/image\/\"}}]}<\/script>\n<!-- \/ Yoast SEO plugin. -->","yoast_head_json":{"title":"HD-Skycam GmbH - Cineflex - Shotover - Arri - Red - Helikopter Kamera","description":"Wir sind Anbieter professioneller Luftbilder und Fahrtbilder f\u00fcr Kinofilme, Dokumentationen und Live\u00fcbertragungen. Unsere Drohnen und Hubschrauber-Kamerasysteme sind die weltweit modernsten Systeme. Ob Arri oder Red. Alle Kameras sind m\u00f6glich. Zus\u00e4tzlich bieten wir noch Systeme f\u00fcr Boote und Autos an.","robots":{"index":"index","follow":"follow","max-snippet":"max-snippet:-1","max-image-preview":"max-image-preview:large","max-video-preview":"max-video-preview:-1"},"canonical":"https:\/\/hdskycam.eu\/","og_locale":"de_DE","og_type":"article","og_title":"HD Skycam GmbH Luftbilder, Helikopter Kamera, Kamerafahrzeug,","og_description":"Wir sind der gr\u00f6\u00dfte Anbieter von Luftbilder mit Cineflex und Shotover aus Deutschland. Wir operieren weltweit.","og_url":"https:\/\/hdskycam.eu\/","og_site_name":"HD-Skycam TV GmbH","article_publisher":"https:\/\/www.facebook.com\/HDSkycam\/?ref=br_tf","article_modified_time":"2018-07-30T08:58:08+00:00","twitter_card":"summary_large_image","schema":{"@context":"https:\/\/schema.org","@graph":[{"@type":"WebPage","@id":"https:\/\/hdskycam.eu\/","url":"https:\/\/hdskycam.eu\/","name":"HD-Skycam GmbH - Cineflex - Shotover - Arri - Red - Helikopter Kamera","isPartOf":{"@id":"https:\/\/hdskycam.eu\/#website"},"datePublished":"2018-02-23T12:17:56+00:00","dateModified":"2018-07-30T08:58:08+00:00","description":"Wir sind Anbieter professioneller Luftbilder und Fahrtbilder f\u00fcr Kinofilme, Dokumentationen und Live\u00fcbertragungen. Unsere Drohnen und Hubschrauber-Kamerasysteme sind die weltweit modernsten Systeme. Ob Arri oder Red. Alle Kameras sind m\u00f6glich. Zus\u00e4tzlich bieten wir noch Systeme f\u00fcr Boote und Autos an.","breadcrumb":{"@id":"https:\/\/hdskycam.eu\/#breadcrumb"},"inLanguage":"de","potentialAction":[{"@type":"ReadAction","target":["https:\/\/hdskycam.eu\/"]}]},{"@type":"BreadcrumbList","@id":"https:\/\/hdskycam.eu\/#breadcrumb","itemListElement":[{"@type":"ListItem","position":1,"name":"Startseite","item":"https:\/\/hdskycam.eu\/"},{"@type":"ListItem","position":2,"name":"Start"}]},{"@type":"WebSite","@id":"https:\/\/hdskycam.eu\/#website","url":"https:\/\/hdskycam.eu\/","name":"HD-Skycam TV GmbH","description":"Cam\u00e9ra H\u00e9licopt\u00e8re et Drone","publisher":{"@id":"https:\/\/hdskycam.eu\/#organization"},"potentialAction":[{"@type":"SearchAction","target":{"@type":"EntryPoint","urlTemplate":"https:\/\/hdskycam.eu\/?s={search_term_string}"},"query-input":"required name=search_term_string"}],"inLanguage":"de"},{"@type":"Organization","@id":"https:\/\/hdskycam.eu\/#organization","name":"HD-Skycam GmbH","url":"https:\/\/hdskycam.eu\/","sameAs":["https:\/\/www.instagram.com\/hdskycam\/","https:\/\/www.youtube.com\/user\/HDSkycamGmbH","https:\/\/www.facebook.com\/HDSkycam\/?ref=br_tf"],"logo":{"@type":"ImageObject","inLanguage":"de","@id":"https:\/\/hdskycam.eu\/#\/schema\/logo\/image\/","url":"https:\/\/hdskycam.eu\/wp-content\/uploads\/2018\/02\/hdskycam_logo_schwarz_cd.png","contentUrl":"https:\/\/hdskycam.eu\/wp-content\/uploads\/2018\/02\/hdskycam_logo_schwarz_cd.png","width":640,"height":82,"caption":"HD-Skycam GmbH"},"image":{"@id":"https:\/\/hdskycam.eu\/#\/schema\/logo\/image\/"}}]}},"_links":{"self":[{"href":"https:\/\/hdskycam.eu\/index.php?rest_route=\/wp\/v2\/pages\/30"}],"collection":[{"href":"https:\/\/hdskycam.eu\/index.php?rest_route=\/wp\/v2\/pages"}],"about":[{"href":"https:\/\/hdskycam.eu\/index.php?rest_route=\/wp\/v2\/types\/page"}],"author":[{"embeddable":true,"href":"https:\/\/hdskycam.eu\/index.php?rest_route=\/wp\/v2\/users\/1"}],"replies":[{"embeddable":true,"href":"https:\/\/hdskycam.eu\/index.php?rest_route=%2Fwp%2Fv2%2Fcomments&post=30"}],"version-history":[{"count":10,"href":"https:\/\/hdskycam.eu\/index.php?rest_route=\/wp\/v2\/pages\/30\/revisions"}],"predecessor-version":[{"id":1555,"href":"https:\/\/hdskycam.eu\/index.php?rest_route=\/wp\/v2\/pages\/30\/revisions\/1555"}],"wp:attachment":[{"href":"https:\/\/hdskycam.eu\/index.php?rest_route=%2Fwp%2Fv2%2Fmedia&parent=30"}],"curies":[{"name":"wp","href":"https:\/\/api.w.org\/{rel}","templated":true}]}}