{"id":714,"date":"2018-03-16T18:58:47","date_gmt":"2018-03-16T17:58:47","guid":{"rendered":"https:\/\/hdskycam.eu\/?page_id=714"},"modified":"2018-07-30T09:48:12","modified_gmt":"2018-07-30T07:48:12","slug":"vehicle","status":"publish","type":"page","link":"https:\/\/hdskycam.eu\/?page_id=714","title":{"rendered":"Camera Vehicle"},"content":{"rendered":"<div  class=\"one\" >\n<div class=\"page_content_wrapper nopadding\">\n<div class=\"one_half_bg textright\" style=\"padding:0px;\">\n<h2 class=\"ppb_title\" style=\"\">Camera Vehicle<\/h2>\n<hr class=\"title_break left\" style=\"\"\/>\n<div class=\"ppb_header_content\">\n<p>Shotover \/ Cineflex \/ M\u00f6VI XL<\/p>\n<\/div>\n<div style=\"margin-top: 20px;\">\n<p style=\"text-align: justify;\">We offer our customers special vehicles for various requirements. Regardless if you use it in high speed productions like Formula 1 or O\ufb00road recordings in the desert \u2013 we have the right vehicle for you. All camera vehicles are specially remodeled and equipped by us. For example, they have a separate power supply for the camera systems. Up to two stabilized camera systems can be mounted on the vehicles.<\/p>\n<p>Vehicles:<br \/>\n\u2022 Speedlifter Touareg W12<br \/>\n\u2022 Speedlifter VW T5<br \/>\n\u2022 Polaris Buggy<\/p>\n<p>Examples:<br \/>\nFormula 1, DTM, marathons, horse races, camel races<\/p>\n<\/div>\n<div style=\"margin-top: 10px;\"><a class=\"button ghost\" href=\"https:\/\/hdskycam.eu\/home\/contact\/\">Contact<\/a><\/div>\n<\/div>\n<div class=\"one_half_bg\"><\/div>\n<p><br class=\"clear\"\/><\/div>\n<\/div>\n<div  class=\"one\" >\n<div class=\"page_content_wrapper nopadding\">\n<div class=\"one_half_bg textright\" style=\"padding:0px;\">\n<h2 class=\"ppb_title\" style=\"\">Camera Boats<\/h2>\n<hr class=\"title_break left\" style=\"\"\/>\n<div class=\"ppb_header_content\">\n<p>Shotover\/ Cineflex \/ M\u00f6VI XL<\/p>\n<\/div>\n<div style=\"margin-top: 20px;\">\n<p style=\"text-align: justify;\">No matter if it\u2019s the Americas Cup, Rowing World Championship\/European Championship, Canoe World Championship\/European Championships or a ship baptism: Our Cineflex and Shotover systems can even be mounted to a boat. Our operations do not exclude using our suspension mount on a catamaran or even during a rowing competition.\n<\/p>\n<\/div>\n<div style=\"margin-top: 30px;\"><a class=\"button ghost white\" href=\"https:\/\/hdskycam.eu\/home\/contact\/\">Contact<\/a><\/div>\n<\/div>\n<div class=\"one_half_bg\"><\/div>\n<p><br class=\"clear\"\/><\/div>\n<\/div>\n<div  class=\"one\" >\n<div class=\"page_content_wrapper nopadding\">\n<div class=\"one_half_bg textright\" style=\"padding:0px;\">\n<h2 class=\"ppb_title\" style=\"\">Motorcycle Camera<\/h2>\n<hr class=\"title_break left\" style=\"\"\/>\n<p style=\"text-align: justify;\">Since the mid-1990s, the motorcycle camera has been one of the core competencies of HD-Skycam. International productions such as the Tour de France, Germany Tour, Amstel Gold Race, Milan San Remo, Tour de Azerbaijan, Rund um K\u00f6ln, Iron Man Roth and marathons in Berlin, Hamburg, Frankfurt and Istanbul are part of our portfolio.<\/p>\n<div style=\"margin-top: 30px;\"><a class=\"button ghost white\" href=\"https:\/\/hdskycam.eu\/home\/contact\/\">Contact<\/a><\/div>\n<\/div>\n<div class=\"one_half_bg\"><\/div>\n<p><br class=\"clear\"\/><\/div>\n<\/div>\n<div  class=\"one withsmallpadding ppb_text\" style=\"padding:30px;\" >\n<div id=\"rev_slider_16_2_wrapper\" class=\"rev_slider_wrapper fullwidthbanner-container\" data-alias=\"car\" data-source=\"gallery\" style=\"margin:0px auto;background:transparent;padding:0px;margin-top:0px;margin-bottom:0px;\">\n<!-- START REVOLUTION SLIDER 5.4.6.3.1 auto mode --><\/p>\n<div id=\"rev_slider_16_2\" class=\"rev_slider fullwidthabanner\" style=\"display:none;\" data-version=\"5.4.6.3.1\">\n<ul>\t<!-- SLIDE  --><\/p>\n<li data-index=\"rs-64\" data-transition=\"fade\" data-slotamount=\"default\" data-hideafterloop=\"0\" data-hideslideonmobile=\"off\"  data-easein=\"default\" data-easeout=\"default\" data-masterspeed=\"300\"  data-thumb=\"https:\/\/hdskycam.eu\/wp-content\/uploads\/2018\/03\/Suspension-Mount-Boat-1-100x50.jpg\"  data-rotate=\"0\"  data-saveperformance=\"off\"  data-title=\"Slide\" data-param1=\"\" data-param2=\"\" data-param3=\"\" data-param4=\"\" data-param5=\"\" data-param6=\"\" data-param7=\"\" data-param8=\"\" data-param9=\"\" data-param10=\"\" data-description=\"\">\n\t\t<!-- MAIN IMAGE --><br \/>\n\t\t<img decoding=\"async\" loading=\"lazy\" src=\"https:\/\/hdskycam.eu\/wp-content\/uploads\/2018\/03\/Suspension-Mount-Boat-1.jpg\"  alt=\"\" title=\"Suspension Mount Boat-1\"  width=\"1800\" height=\"1013\" data-bgposition=\"center center\" data-kenburns=\"on\" data-duration=\"10000\" data-ease=\"Linear.easeNone\" data-scalestart=\"110\" data-scaleend=\"117\" data-rotatestart=\"0\" data-rotateend=\"2\" data-blurstart=\"0\" data-blurend=\"0\" data-offsetstart=\"0 2\" data-offsetend=\"0 0\" class=\"rev-slidebg\" data-no-retina><br \/>\n\t\t<!-- LAYERS -->\n\t<\/li>\n<p>\t<!-- SLIDE  --><\/p>\n<li data-index=\"rs-68\" data-transition=\"fade\" data-slotamount=\"default\" data-hideafterloop=\"0\" data-hideslideonmobile=\"off\"  data-easein=\"default\" data-easeout=\"default\" data-masterspeed=\"300\"  data-thumb=\"https:\/\/hdskycam.eu\/wp-content\/uploads\/2018\/03\/cineflex-kamera-auto-katar-100x50.jpg\"  data-rotate=\"0\"  data-saveperformance=\"off\"  data-title=\"Slide\" data-param1=\"\" data-param2=\"\" data-param3=\"\" data-param4=\"\" data-param5=\"\" data-param6=\"\" data-param7=\"\" data-param8=\"\" data-param9=\"\" data-param10=\"\" data-description=\"\">\n\t\t<!-- MAIN IMAGE --><br \/>\n\t\t<img decoding=\"async\" loading=\"lazy\" src=\"https:\/\/hdskycam.eu\/wp-content\/uploads\/2018\/03\/cineflex-kamera-auto-katar.jpg\"  alt=\"\" title=\"cineflex-kamera-auto-katar\"  width=\"1400\" height=\"1050\" data-bgposition=\"center center\" data-kenburns=\"on\" data-duration=\"10000\" data-ease=\"Linear.easeNone\" data-scalestart=\"100\" data-scaleend=\"110\" data-rotatestart=\"0\" data-rotateend=\"-4\" data-blurstart=\"0\" data-blurend=\"0\" data-offsetstart=\"0 0\" data-offsetend=\"0 -3\" class=\"rev-slidebg\" data-no-retina><br \/>\n\t\t<!-- LAYERS -->\n\t<\/li>\n<p>\t<!-- SLIDE  --><\/p>\n<li data-index=\"rs-67\" data-transition=\"fade\" data-slotamount=\"default\" data-hideafterloop=\"0\" data-hideslideonmobile=\"off\"  data-easein=\"default\" data-easeout=\"default\" data-masterspeed=\"300\"  data-thumb=\"https:\/\/hdskycam.eu\/wp-content\/uploads\/2018\/03\/17311367_1189040557860515_3277058615542648696_o-1-100x50.jpg\"  data-rotate=\"0\"  data-saveperformance=\"off\"  data-title=\"Slide\" data-param1=\"\" data-param2=\"\" data-param3=\"\" data-param4=\"\" data-param5=\"\" data-param6=\"\" data-param7=\"\" data-param8=\"\" data-param9=\"\" data-param10=\"\" data-description=\"\">\n\t\t<!-- MAIN IMAGE --><br \/>\n\t\t<img decoding=\"async\" loading=\"lazy\" src=\"https:\/\/hdskycam.eu\/wp-content\/uploads\/2018\/03\/17311367_1189040557860515_3277058615542648696_o-1.jpg\"  alt=\"\" title=\"17311367_1189040557860515_3277058615542648696_o-1\"  width=\"1800\" height=\"1012\" data-bgposition=\"center center\" data-kenburns=\"on\" data-duration=\"10000\" data-ease=\"Linear.easeNone\" data-scalestart=\"100\" data-scaleend=\"110\" data-rotatestart=\"0\" data-rotateend=\"4\" data-blurstart=\"0\" data-blurend=\"0\" data-offsetstart=\"0 0\" data-offsetend=\"0 3\" class=\"rev-slidebg\" data-no-retina><br \/>\n\t\t<!-- LAYERS -->\n\t<\/li>\n<p>\t<!-- SLIDE  --><\/p>\n<li data-index=\"rs-66\" data-transition=\"fade\" data-slotamount=\"default\" data-hideafterloop=\"0\" data-hideslideonmobile=\"off\"  data-easein=\"default\" data-easeout=\"default\" data-masterspeed=\"300\"  data-thumb=\"https:\/\/hdskycam.eu\/wp-content\/uploads\/2018\/03\/DSC06663-100x50.jpg\"  data-rotate=\"0\"  data-saveperformance=\"off\"  data-title=\"Slide\" data-param1=\"\" data-param2=\"\" data-param3=\"\" data-param4=\"\" data-param5=\"\" data-param6=\"\" data-param7=\"\" data-param8=\"\" data-param9=\"\" data-param10=\"\" data-description=\"\">\n\t\t<!-- MAIN IMAGE --><br \/>\n\t\t<img decoding=\"async\" loading=\"lazy\" src=\"https:\/\/hdskycam.eu\/wp-content\/uploads\/2018\/03\/DSC06663.jpg\"  alt=\"\" title=\"DSC06663\"  width=\"1800\" height=\"1013\" data-bgposition=\"center center\" data-kenburns=\"on\" data-duration=\"10000\" data-ease=\"Linear.easeNone\" data-scalestart=\"100\" data-scaleend=\"110\" data-rotatestart=\"0\" data-rotateend=\"0\" data-blurstart=\"0\" data-blurend=\"0\" data-offsetstart=\"0 0\" data-offsetend=\"0 -3\" class=\"rev-slidebg\" data-no-retina><br \/>\n\t\t<!-- LAYERS -->\n\t<\/li>\n<p>\t<!-- SLIDE  --><\/p>\n<li data-index=\"rs-65\" data-transition=\"fade\" data-slotamount=\"default\" data-hideafterloop=\"0\" data-hideslideonmobile=\"off\"  data-easein=\"default\" data-easeout=\"default\" data-masterspeed=\"300\"  data-thumb=\"https:\/\/hdskycam.eu\/wp-content\/uploads\/2018\/03\/speedlifter-shotover-porsche-werbung-100x50.jpg\"  data-rotate=\"0\"  data-saveperformance=\"off\"  data-title=\"Slide\" data-param1=\"\" data-param2=\"\" data-param3=\"\" data-param4=\"\" data-param5=\"\" data-param6=\"\" data-param7=\"\" data-param8=\"\" data-param9=\"\" data-param10=\"\" data-description=\"\">\n\t\t<!-- MAIN IMAGE --><br \/>\n\t\t<img decoding=\"async\" loading=\"lazy\" src=\"https:\/\/hdskycam.eu\/wp-content\/uploads\/2018\/03\/speedlifter-shotover-porsche-werbung.jpg\"  alt=\"Shotover Auto\" title=\"speedlifter-shotover-porsche-werbung\"  width=\"1200\" height=\"675\" data-bgposition=\"center center\" data-kenburns=\"on\" data-duration=\"10000\" data-ease=\"Linear.easeNone\" data-scalestart=\"100\" data-scaleend=\"110\" data-rotatestart=\"0\" data-rotateend=\"-4\" data-blurstart=\"0\" data-blurend=\"0\" data-offsetstart=\"0 0\" data-offsetend=\"0 3\" class=\"rev-slidebg\" data-no-retina><br \/>\n\t\t<!-- LAYERS -->\n\t<\/li>\n<p>\t<!-- SLIDE  --><\/p>\n<li data-index=\"rs-74\" data-transition=\"fade\" data-slotamount=\"default\" data-hideafterloop=\"0\" data-hideslideonmobile=\"off\"  data-easein=\"default\" data-easeout=\"default\" data-masterspeed=\"300\"  data-thumb=\"https:\/\/hdskycam.eu\/wp-content\/uploads\/2018\/03\/shotover-F1-sauber-F1-100x50.jpg\"  data-rotate=\"0\"  data-saveperformance=\"off\"  data-title=\"Slide\" data-param1=\"\" data-param2=\"\" data-param3=\"\" data-param4=\"\" data-param5=\"\" data-param6=\"\" data-param7=\"\" data-param8=\"\" data-param9=\"\" data-param10=\"\" data-description=\"\">\n\t\t<!-- MAIN IMAGE --><br \/>\n\t\t<img decoding=\"async\" loading=\"lazy\" src=\"https:\/\/hdskycam.eu\/wp-content\/uploads\/2018\/03\/shotover-F1-sauber-F1.jpg\"  alt=\"Sauber F1 Shotver System\" title=\"shotover-F1-sauber-F1\"  width=\"1400\" height=\"923\" data-bgposition=\"center center\" data-kenburns=\"on\" data-duration=\"10000\" data-ease=\"Linear.easeNone\" data-scalestart=\"100\" data-scaleend=\"110\" data-rotatestart=\"0\" data-rotateend=\"4\" data-blurstart=\"0\" data-blurend=\"0\" data-offsetstart=\"0 0\" data-offsetend=\"0 3\" class=\"rev-slidebg\" data-no-retina><br \/>\n\t\t<!-- LAYERS -->\n\t<\/li>\n<p>\t<!-- SLIDE  --><\/p>\n<li data-index=\"rs-76\" data-transition=\"fade\" data-slotamount=\"default\" data-hideafterloop=\"0\" data-hideslideonmobile=\"off\"  data-easein=\"default\" data-easeout=\"default\" data-masterspeed=\"300\"  data-thumb=\"https:\/\/hdskycam.eu\/wp-content\/uploads\/2018\/03\/vw-hd-skycam-shotover-berlin-marathon-100x50.jpg\"  data-rotate=\"0\"  data-saveperformance=\"off\"  data-title=\"Slide\" data-param1=\"\" data-param2=\"\" data-param3=\"\" data-param4=\"\" data-param5=\"\" data-param6=\"\" data-param7=\"\" data-param8=\"\" data-param9=\"\" data-param10=\"\" data-description=\"\">\n\t\t<!-- MAIN IMAGE --><br \/>\n\t\t<img decoding=\"async\" loading=\"lazy\" src=\"https:\/\/hdskycam.eu\/wp-content\/uploads\/2018\/03\/vw-hd-skycam-shotover-berlin-marathon.jpg\"  alt=\"Shotover F1 VW von HD-Skycam\" title=\"vw-hd-skycam-shotover-berlin-marathon\"  width=\"1400\" height=\"933\" data-bgposition=\"center center\" data-kenburns=\"on\" data-duration=\"10000\" data-ease=\"Linear.easeNone\" data-scalestart=\"100\" data-scaleend=\"110\" data-rotatestart=\"0\" data-rotateend=\"-1\" data-blurstart=\"0\" data-blurend=\"0\" data-offsetstart=\"0 0\" data-offsetend=\"0 -3\" class=\"rev-slidebg\" data-no-retina><br \/>\n\t\t<!-- LAYERS -->\n\t<\/li>\n<p>\t<!-- SLIDE  --><\/p>\n<li data-index=\"rs-75\" data-transition=\"fade\" data-slotamount=\"default\" data-hideafterloop=\"0\" data-hideslideonmobile=\"off\"  data-easein=\"default\" data-easeout=\"default\" data-masterspeed=\"300\"  data-thumb=\"https:\/\/hdskycam.eu\/wp-content\/uploads\/2018\/03\/shotover-Kamera-fahrzeug-100x50.jpg\"  data-rotate=\"0\"  data-saveperformance=\"off\"  data-title=\"Slide\" data-param1=\"\" data-param2=\"\" data-param3=\"\" data-param4=\"\" data-param5=\"\" data-param6=\"\" data-param7=\"\" data-param8=\"\" data-param9=\"\" data-param10=\"\" data-description=\"\">\n\t\t<!-- MAIN IMAGE --><br \/>\n\t\t<img decoding=\"async\" loading=\"lazy\" src=\"https:\/\/hdskycam.eu\/wp-content\/uploads\/2018\/03\/shotover-Kamera-fahrzeug.jpg\"  alt=\"Shotover Kamerafahrzeug\" title=\"shotover-Kamera-fahrzeug\"  width=\"1400\" height=\"934\" data-bgposition=\"center center\" data-kenburns=\"on\" data-duration=\"10000\" data-ease=\"Linear.easeNone\" data-scalestart=\"100\" data-scaleend=\"110\" data-rotatestart=\"0\" data-rotateend=\"4\" data-blurstart=\"0\" data-blurend=\"0\" data-offsetstart=\"0 0\" data-offsetend=\"0 3\" class=\"rev-slidebg\" data-no-retina><br \/>\n\t\t<!-- LAYERS -->\n\t<\/li>\n<p>\t<!-- SLIDE  --><\/p>\n<li data-index=\"rs-81\" data-transition=\"fade\" data-slotamount=\"default\" data-hideafterloop=\"0\" data-hideslideonmobile=\"off\"  data-easein=\"default\" data-easeout=\"default\" data-masterspeed=\"300\"  data-thumb=\"https:\/\/hdskycam.eu\/wp-content\/uploads\/2018\/03\/larisa_sw-1-100x50.jpg\"  data-rotate=\"0\"  data-saveperformance=\"off\"  data-title=\"Slide\" data-param1=\"\" data-param2=\"\" data-param3=\"\" data-param4=\"\" data-param5=\"\" data-param6=\"\" data-param7=\"\" data-param8=\"\" data-param9=\"\" data-param10=\"\" data-description=\"\">\n\t\t<!-- MAIN IMAGE --><br \/>\n\t\t<img decoding=\"async\" loading=\"lazy\" src=\"https:\/\/hdskycam.eu\/wp-content\/uploads\/2018\/03\/larisa_sw-1.jpg\"  alt=\"\" title=\"larisa_sw\"  width=\"960\" height=\"640\" data-bgposition=\"center center\" data-kenburns=\"on\" data-duration=\"10000\" data-ease=\"Linear.easeNone\" data-scalestart=\"100\" data-scaleend=\"110\" data-rotatestart=\"0\" data-rotateend=\"-1\" data-blurstart=\"0\" data-blurend=\"0\" data-offsetstart=\"0 0\" data-offsetend=\"0 -3\" class=\"rev-slidebg\" data-no-retina><br \/>\n\t\t<!-- LAYERS -->\n\t<\/li>\n<\/ul>\n<style>\n<\/style>\n<div class=\"tp-bannertimer tp-bottom\" style=\"visibility: hidden !important;\"><\/div>\n<\/p><\/div>\n<style><\/style>\n<p>\t\t<script type=\"text\/javascript\">\nsetREVStartSize({c: jQuery('#rev_slider_16_2'), gridwidth: [1240], gridheight: [700], sliderLayout: 'auto'});<\/p>\n<p>var revapi16,\n\ttpj=jQuery;<\/p>\n<p>tpj(document).ready(function() {\n\tif(tpj(\"#rev_slider_16_2\").revolution == undefined){\n\t\trevslider_showDoubleJqueryError(\"#rev_slider_16_2\");\n\t}else{\n\t\trevapi16 = tpj(\"#rev_slider_16_2\").show().revolution({\n\t\t\tsliderType:\"standard\",\n\t\t\tjsFileLocation:\"\/\/hdskycam.eu\/wp-content\/plugins\/revslider\/public\/assets\/js\/\",\n\t\t\tsliderLayout:\"auto\",\n\t\t\tdottedOverlay:\"none\",\n\t\t\tdelay:9000,\n\t\t\tnavigation: {\n\t\t\t\tkeyboardNavigation:\"off\",\n\t\t\t\tkeyboard_direction: \"horizontal\",\n\t\t\t\tmouseScrollNavigation:\"off\",\n \t\t\t\t\t\t\tmouseScrollReverse:\"default\",\n\t\t\t\tonHoverStop:\"off\",\n\t\t\t\tarrows: {\n\t\t\t\t\tstyle:\"uranus\",\n\t\t\t\t\tenable:true,\n\t\t\t\t\thide_onmobile:false,\n\t\t\t\t\thide_onleave:false,\n\t\t\t\t\ttmp:'',\n\t\t\t\t\tleft: {\n\t\t\t\t\t\th_align:\"left\",\n\t\t\t\t\t\tv_align:\"center\",\n\t\t\t\t\t\th_offset:20,\n\t\t\t\t\t\tv_offset:0\n\t\t\t\t\t},\n\t\t\t\t\tright: {\n\t\t\t\t\t\th_align:\"right\",\n\t\t\t\t\t\tv_align:\"center\",\n\t\t\t\t\t\th_offset:20,\n\t\t\t\t\t\tv_offset:0\n\t\t\t\t\t}\n\t\t\t\t}\n\t\t\t},\n\t\t\tvisibilityLevels:[1240,1024,778,480],\n\t\t\tgridwidth:1240,\n\t\t\tgridheight:700,\n\t\t\tlazyType:\"none\",\n\t\t\tshadow:0,\n\t\t\tspinner:\"spinner0\",\n\t\t\tstopLoop:\"off\",\n\t\t\tstopAfterLoops:-1,\n\t\t\tstopAtSlide:-1,\n\t\t\tshuffle:\"off\",\n\t\t\tautoHeight:\"off\",\n\t\t\tdisableProgressBar:\"on\",\n\t\t\thideThumbsOnMobile:\"off\",\n\t\t\thideSliderAtLimit:0,\n\t\t\thideCaptionAtLimit:0,\n\t\t\thideAllCaptionAtLilmit:0,\n\t\t\tdebugMode:false,\n\t\t\tfallbacks: {\n\t\t\t\tsimplifyAll:\"off\",\n\t\t\t\tnextSlideOnWindowFocus:\"off\",\n\t\t\t\tdisableFocusListener:false,\n\t\t\t}\n\t\t});\n\t}<\/p>\n<p>});\t\/*ready*\/\n<\/script><\/p>\n<style type=\"text\/css\">#rev_slider_16_2 .uranus.tparrows{width:50px; height:50px; background:rgba(255,255,255,0)}#rev_slider_16_2 .uranus.tparrows:before{width:50px; height:50px; line-height:50px; font-size:40px; transition:all 0.3s;-webkit-transition:all 0.3s}#rev_slider_16_2 .uranus.tparrows:hover:before{opacity:0.75}<\/style>\n<\/p><\/div>\n<p><!-- END REVOLUTION SLIDER -->\n<\/div>\n","protected":false},"excerpt":{"rendered":"","protected":false},"author":1,"featured_media":168,"parent":0,"menu_order":0,"comment_status":"closed","ping_status":"closed","template":"","meta":{"inline_featured_image":false},"yoast_head":"<!-- This site is optimized with the Yoast SEO plugin v19.7.1 - https:\/\/yoast.com\/wordpress\/plugins\/seo\/ -->\n<title>Camera Vehicle - HD-Skycam TV GmbH<\/title>\n<meta name=\"description\" content=\"Cineflex, GSS und Shotover, Luftbilder, Fahrbilder, weltweit,\" \/>\n<meta name=\"robots\" content=\"index, follow, max-snippet:-1, max-image-preview:large, max-video-preview:-1\" \/>\n<link rel=\"canonical\" href=\"https:\/\/hdskycam.eu\/?page_id=714\" \/>\n<meta property=\"og:locale\" content=\"de_DE\" \/>\n<meta property=\"og:type\" content=\"article\" \/>\n<meta property=\"og:title\" content=\"Camera Vehicle - HD-Skycam TV GmbH\" \/>\n<meta property=\"og:description\" content=\"Cineflex, GSS und Shotover, Luftbilder, Fahrbilder, weltweit,\" \/>\n<meta property=\"og:url\" content=\"https:\/\/hdskycam.eu\/?page_id=714\" \/>\n<meta property=\"og:site_name\" content=\"HD-Skycam TV GmbH\" \/>\n<meta property=\"article:publisher\" content=\"https:\/\/www.facebook.com\/HDSkycam\/?ref=br_tf\" \/>\n<meta property=\"article:modified_time\" content=\"2018-07-30T07:48:12+00:00\" \/>\n<meta property=\"og:image\" content=\"https:\/\/hdskycam.eu\/wp-content\/uploads\/2018\/03\/buggy_desert.jpg\" \/>\n\t<meta property=\"og:image:width\" content=\"1800\" \/>\n\t<meta property=\"og:image:height\" content=\"1013\" \/>\n\t<meta property=\"og:image:type\" content=\"image\/jpeg\" \/>\n<meta name=\"twitter:card\" content=\"summary_large_image\" \/>\n<meta name=\"twitter:label1\" content=\"Gesch\u00e4tzte Lesezeit\" \/>\n\t<meta name=\"twitter:data1\" content=\"1\u00a0Minute\" \/>\n<script type=\"application\/ld+json\" class=\"yoast-schema-graph\">{\"@context\":\"https:\/\/schema.org\",\"@graph\":[{\"@type\":\"WebPage\",\"@id\":\"https:\/\/hdskycam.eu\/?page_id=714\",\"url\":\"https:\/\/hdskycam.eu\/?page_id=714\",\"name\":\"Camera Vehicle - HD-Skycam TV GmbH\",\"isPartOf\":{\"@id\":\"https:\/\/hdskycam.eu\/#website\"},\"datePublished\":\"2018-03-16T17:58:47+00:00\",\"dateModified\":\"2018-07-30T07:48:12+00:00\",\"description\":\"Cineflex, GSS und Shotover, Luftbilder, Fahrbilder, weltweit,\",\"breadcrumb\":{\"@id\":\"https:\/\/hdskycam.eu\/?page_id=714#breadcrumb\"},\"inLanguage\":\"de\",\"potentialAction\":[{\"@type\":\"ReadAction\",\"target\":[\"https:\/\/hdskycam.eu\/?page_id=714\"]}]},{\"@type\":\"BreadcrumbList\",\"@id\":\"https:\/\/hdskycam.eu\/?page_id=714#breadcrumb\",\"itemListElement\":[{\"@type\":\"ListItem\",\"position\":1,\"name\":\"Startseite\",\"item\":\"https:\/\/hdskycam.eu\/\"},{\"@type\":\"ListItem\",\"position\":2,\"name\":\"Camera Vehicle\"}]},{\"@type\":\"WebSite\",\"@id\":\"https:\/\/hdskycam.eu\/#website\",\"url\":\"https:\/\/hdskycam.eu\/\",\"name\":\"HD-Skycam TV GmbH\",\"description\":\"Cam\u00e9ra H\u00e9licopt\u00e8re et Drone\",\"publisher\":{\"@id\":\"https:\/\/hdskycam.eu\/#organization\"},\"potentialAction\":[{\"@type\":\"SearchAction\",\"target\":{\"@type\":\"EntryPoint\",\"urlTemplate\":\"https:\/\/hdskycam.eu\/?s={search_term_string}\"},\"query-input\":\"required name=search_term_string\"}],\"inLanguage\":\"de\"},{\"@type\":\"Organization\",\"@id\":\"https:\/\/hdskycam.eu\/#organization\",\"name\":\"HD-Skycam GmbH\",\"url\":\"https:\/\/hdskycam.eu\/\",\"sameAs\":[\"https:\/\/www.instagram.com\/hdskycam\/\",\"https:\/\/www.youtube.com\/user\/HDSkycamGmbH\",\"https:\/\/www.facebook.com\/HDSkycam\/?ref=br_tf\"],\"logo\":{\"@type\":\"ImageObject\",\"inLanguage\":\"de\",\"@id\":\"https:\/\/hdskycam.eu\/#\/schema\/logo\/image\/\",\"url\":\"https:\/\/hdskycam.eu\/wp-content\/uploads\/2018\/02\/hdskycam_logo_schwarz_cd.png\",\"contentUrl\":\"https:\/\/hdskycam.eu\/wp-content\/uploads\/2018\/02\/hdskycam_logo_schwarz_cd.png\",\"width\":640,\"height\":82,\"caption\":\"HD-Skycam GmbH\"},\"image\":{\"@id\":\"https:\/\/hdskycam.eu\/#\/schema\/logo\/image\/\"}}]}<\/script>\n<!-- \/ Yoast SEO plugin. -->","yoast_head_json":{"title":"Camera Vehicle - HD-Skycam TV GmbH","description":"Cineflex, GSS und Shotover, Luftbilder, Fahrbilder, weltweit,","robots":{"index":"index","follow":"follow","max-snippet":"max-snippet:-1","max-image-preview":"max-image-preview:large","max-video-preview":"max-video-preview:-1"},"canonical":"https:\/\/hdskycam.eu\/?page_id=714","og_locale":"de_DE","og_type":"article","og_title":"Camera Vehicle - HD-Skycam TV GmbH","og_description":"Cineflex, GSS und Shotover, Luftbilder, Fahrbilder, weltweit,","og_url":"https:\/\/hdskycam.eu\/?page_id=714","og_site_name":"HD-Skycam TV GmbH","article_publisher":"https:\/\/www.facebook.com\/HDSkycam\/?ref=br_tf","article_modified_time":"2018-07-30T07:48:12+00:00","og_image":[{"width":1800,"height":1013,"url":"https:\/\/hdskycam.eu\/wp-content\/uploads\/2018\/03\/buggy_desert.jpg","type":"image\/jpeg"}],"twitter_card":"summary_large_image","twitter_misc":{"Gesch\u00e4tzte Lesezeit":"1\u00a0Minute"},"schema":{"@context":"https:\/\/schema.org","@graph":[{"@type":"WebPage","@id":"https:\/\/hdskycam.eu\/?page_id=714","url":"https:\/\/hdskycam.eu\/?page_id=714","name":"Camera Vehicle - HD-Skycam TV GmbH","isPartOf":{"@id":"https:\/\/hdskycam.eu\/#website"},"datePublished":"2018-03-16T17:58:47+00:00","dateModified":"2018-07-30T07:48:12+00:00","description":"Cineflex, GSS und Shotover, Luftbilder, Fahrbilder, weltweit,","breadcrumb":{"@id":"https:\/\/hdskycam.eu\/?page_id=714#breadcrumb"},"inLanguage":"de","potentialAction":[{"@type":"ReadAction","target":["https:\/\/hdskycam.eu\/?page_id=714"]}]},{"@type":"BreadcrumbList","@id":"https:\/\/hdskycam.eu\/?page_id=714#breadcrumb","itemListElement":[{"@type":"ListItem","position":1,"name":"Startseite","item":"https:\/\/hdskycam.eu\/"},{"@type":"ListItem","position":2,"name":"Camera Vehicle"}]},{"@type":"WebSite","@id":"https:\/\/hdskycam.eu\/#website","url":"https:\/\/hdskycam.eu\/","name":"HD-Skycam TV GmbH","description":"Cam\u00e9ra H\u00e9licopt\u00e8re et Drone","publisher":{"@id":"https:\/\/hdskycam.eu\/#organization"},"potentialAction":[{"@type":"SearchAction","target":{"@type":"EntryPoint","urlTemplate":"https:\/\/hdskycam.eu\/?s={search_term_string}"},"query-input":"required name=search_term_string"}],"inLanguage":"de"},{"@type":"Organization","@id":"https:\/\/hdskycam.eu\/#organization","name":"HD-Skycam GmbH","url":"https:\/\/hdskycam.eu\/","sameAs":["https:\/\/www.instagram.com\/hdskycam\/","https:\/\/www.youtube.com\/user\/HDSkycamGmbH","https:\/\/www.facebook.com\/HDSkycam\/?ref=br_tf"],"logo":{"@type":"ImageObject","inLanguage":"de","@id":"https:\/\/hdskycam.eu\/#\/schema\/logo\/image\/","url":"https:\/\/hdskycam.eu\/wp-content\/uploads\/2018\/02\/hdskycam_logo_schwarz_cd.png","contentUrl":"https:\/\/hdskycam.eu\/wp-content\/uploads\/2018\/02\/hdskycam_logo_schwarz_cd.png","width":640,"height":82,"caption":"HD-Skycam GmbH"},"image":{"@id":"https:\/\/hdskycam.eu\/#\/schema\/logo\/image\/"}}]}},"_links":{"self":[{"href":"https:\/\/hdskycam.eu\/index.php?rest_route=\/wp\/v2\/pages\/714"}],"collection":[{"href":"https:\/\/hdskycam.eu\/index.php?rest_route=\/wp\/v2\/pages"}],"about":[{"href":"https:\/\/hdskycam.eu\/index.php?rest_route=\/wp\/v2\/types\/page"}],"author":[{"embeddable":true,"href":"https:\/\/hdskycam.eu\/index.php?rest_route=\/wp\/v2\/users\/1"}],"replies":[{"embeddable":true,"href":"https:\/\/hdskycam.eu\/index.php?rest_route=%2Fwp%2Fv2%2Fcomments&post=714"}],"version-history":[{"count":11,"href":"https:\/\/hdskycam.eu\/index.php?rest_route=\/wp\/v2\/pages\/714\/revisions"}],"predecessor-version":[{"id":1726,"href":"https:\/\/hdskycam.eu\/index.php?rest_route=\/wp\/v2\/pages\/714\/revisions\/1726"}],"wp:featuredmedia":[{"embeddable":true,"href":"https:\/\/hdskycam.eu\/index.php?rest_route=\/wp\/v2\/media\/168"}],"wp:attachment":[{"href":"https:\/\/hdskycam.eu\/index.php?rest_route=%2Fwp%2Fv2%2Fmedia&parent=714"}],"curies":[{"name":"wp","href":"https:\/\/api.w.org\/{rel}","templated":true}]}}