{"id":96,"date":"2018-02-27T16:27:21","date_gmt":"2018-02-27T15:27:21","guid":{"rendered":"https:\/\/hdskycam.eu\/?page_id=96"},"modified":"2018-07-30T10:02:00","modified_gmt":"2018-07-30T08:02:00","slug":"references","status":"publish","type":"page","link":"https:\/\/hdskycam.eu\/?page_id=96","title":{"rendered":"References"},"content":{"rendered":"<div  class=\"one withsmallpadding ppb_text\" style=\"padding:30px;\" >\n<p><br class=\"clear\" \/><br class=\"clear\" \/><br class=\"clear\" \/><\/p>\n<div class=\"responsive-video\"><iframe loading=\"lazy\" src=\"https:\/\/player.vimeo.com\/video\/261743242?title=0&#038; ;byline=0&#038;portrait=0&#038;autoplay=1\" width=\"1600\" height=\"900\" frameborder=\"0\" allowfullscreen=\"allowfullscreen\"><\/iframe><\/div>\n<\/div>\n<div  class=\"one withsmallpadding ppb_text\" style=\"padding:30px;\" >\n<p><br class=\"clear\" \/><br class=\"clear\" \/><br class=\"clear\" \/><\/p>\n<div class=\"responsive-video\"><iframe loading=\"lazy\" src=\"https:\/\/player.vimeo.com\/video\/261743242?title=0&#038; ;byline=0&#038;portrait=0&#038;autoplay=1\" width=\"1600\" height=\"900\" frameborder=\"0\" allowfullscreen=\"allowfullscreen\"><\/iframe><\/div>\n<\/div>\n<div  class=\"one withsmallpadding ppb_text\" style=\"padding:30px;\" >\n<p><br class=\"clear\" \/><br class=\"clear\" \/><br class=\"clear\" \/><\/p>\n<div class=\"responsive-video\"><iframe loading=\"lazy\" src=\"https:\/\/player.vimeo.com\/video\/261743242?title=0&#038; ;byline=0&#038;portrait=0&#038;autoplay=1\" width=\"1600\" height=\"900\" frameborder=\"0\" allowfullscreen=\"allowfullscreen\"><\/iframe><\/div>\n<\/div>\n<div  class=\"one withsmallpadding ppb_text\" style=\"padding:30px;\" >\n<p><br class=\"clear\" \/><br class=\"clear\" \/><br class=\"clear\" \/><\/p>\n<div class=\"responsive-video\"><iframe loading=\"lazy\" src=\"https:\/\/player.vimeo.com\/video\/261743242?title=0&#038; ;byline=0&#038;portrait=0&#038;autoplay=1\" width=\"1600\" height=\"900\" frameborder=\"0\" allowfullscreen=\"allowfullscreen\"><\/iframe><\/div>\n<\/div>\n<div  class=\"one withsmallpadding ppb_text\" style=\"padding:30px;\" >\n<p><br class=\"clear\" \/><br class=\"clear\" \/><br class=\"clear\" \/><\/p>\n<div class=\"responsive-video\"><iframe loading=\"lazy\" src=\"https:\/\/player.vimeo.com\/video\/261743242?title=0&#038; ;byline=0&#038;portrait=0&#038;autoplay=1\" width=\"1600\" height=\"900\" frameborder=\"0\" allowfullscreen=\"allowfullscreen\"><\/iframe><\/div>\n<\/div>\n<div  class=\"one withsmallpadding ppb_text\" style=\"padding:30px;\" >\n<p><br class=\"clear\" \/><br class=\"clear\" \/><br class=\"clear\" \/><\/p>\n<div class=\"responsive-video\"><iframe loading=\"lazy\" src=\"https:\/\/player.vimeo.com\/video\/261743242?title=0&#038; ;byline=0&#038;portrait=0&#038;autoplay=1\" width=\"1600\" height=\"900\" frameborder=\"0\" allowfullscreen=\"allowfullscreen\"><\/iframe><\/div>\n<\/div>\n<div  class=\"one withsmallpadding ppb_text\" style=\"padding:30px;\" >\n<p><br class=\"clear\" \/><br class=\"clear\" \/><br class=\"clear\" \/><\/p>\n<div class=\"responsive-video\"><iframe loading=\"lazy\" src=\"https:\/\/player.vimeo.com\/video\/261743242?title=0&#038; ;byline=0&#038;portrait=0&#038;autoplay=1\" width=\"1600\" height=\"900\" frameborder=\"0\" allowfullscreen=\"allowfullscreen\"><\/iframe><\/div>\n<\/div>\n<div  class=\"one withsmallpadding ppb_text\" style=\"padding:30px;\" >\n<p><br class=\"clear\" \/><br class=\"clear\" \/><br class=\"clear\" \/><\/p>\n<div class=\"responsive-video\"><iframe loading=\"lazy\" src=\"https:\/\/player.vimeo.com\/video\/261743242?title=0&#038; ;byline=0&#038;portrait=0&#038;autoplay=1\" width=\"1600\" height=\"900\" frameborder=\"0\" allowfullscreen=\"allowfullscreen\"><\/iframe><\/div>\n<\/div>\n<div  class=\"one withsmallpadding ppb_text\" style=\"padding:30px;\" >\n<p><br class=\"clear\" \/><br class=\"clear\" \/><br class=\"clear\" \/><\/p>\n<div class=\"responsive-video\"><iframe loading=\"lazy\" src=\"https:\/\/player.vimeo.com\/video\/261743242?title=0&#038; ;byline=0&#038;portrait=0&#038;autoplay=1\" width=\"1600\" height=\"900\" frameborder=\"0\" allowfullscreen=\"allowfullscreen\"><\/iframe><\/div>\n<\/div>\n<div  class=\"one withsmallpadding ppb_text\" style=\"padding:30px;\" >\n<p><br class=\"clear\" \/><br class=\"clear\" \/><br class=\"clear\" \/><\/p>\n<div class=\"responsive-video\"><iframe loading=\"lazy\" src=\"https:\/\/player.vimeo.com\/video\/261743242?title=0&#038; ;byline=0&#038;portrait=0&#038;autoplay=1\" width=\"1600\" height=\"900\" frameborder=\"0\" allowfullscreen=\"allowfullscreen\"><\/iframe><\/div>\n<\/div>\n","protected":false},"excerpt":{"rendered":"","protected":false},"author":1,"featured_media":0,"parent":0,"menu_order":0,"comment_status":"closed","ping_status":"closed","template":"","meta":{"inline_featured_image":false},"yoast_head":"<!-- This site is optimized with the Yoast SEO plugin v19.7.1 - https:\/\/yoast.com\/wordpress\/plugins\/seo\/ -->\n<title>References - HD-Skycam TV GmbH<\/title>\n<meta name=\"description\" content=\"Cineflex, GSS und Shotover, Luftbilder, Fahrbilder, weltweit,\" \/>\n<meta name=\"robots\" content=\"index, follow, max-snippet:-1, max-image-preview:large, max-video-preview:-1\" \/>\n<link rel=\"canonical\" href=\"https:\/\/hdskycam.eu\/?page_id=96\" \/>\n<meta property=\"og:locale\" content=\"de_DE\" \/>\n<meta property=\"og:type\" content=\"article\" \/>\n<meta property=\"og:title\" content=\"References - HD-Skycam TV GmbH\" \/>\n<meta property=\"og:description\" content=\"Cineflex, GSS und Shotover, Luftbilder, Fahrbilder, weltweit,\" \/>\n<meta property=\"og:url\" content=\"https:\/\/hdskycam.eu\/?page_id=96\" \/>\n<meta property=\"og:site_name\" content=\"HD-Skycam TV GmbH\" \/>\n<meta property=\"article:publisher\" content=\"https:\/\/www.facebook.com\/HDSkycam\/?ref=br_tf\" \/>\n<meta property=\"article:modified_time\" content=\"2018-07-30T08:02:00+00:00\" \/>\n<meta name=\"twitter:card\" content=\"summary_large_image\" \/>\n<script type=\"application\/ld+json\" class=\"yoast-schema-graph\">{\"@context\":\"https:\/\/schema.org\",\"@graph\":[{\"@type\":\"WebPage\",\"@id\":\"https:\/\/hdskycam.eu\/?page_id=96\",\"url\":\"https:\/\/hdskycam.eu\/?page_id=96\",\"name\":\"References - HD-Skycam TV GmbH\",\"isPartOf\":{\"@id\":\"https:\/\/hdskycam.eu\/#website\"},\"datePublished\":\"2018-02-27T15:27:21+00:00\",\"dateModified\":\"2018-07-30T08:02:00+00:00\",\"description\":\"Cineflex, GSS und Shotover, Luftbilder, Fahrbilder, weltweit,\",\"breadcrumb\":{\"@id\":\"https:\/\/hdskycam.eu\/?page_id=96#breadcrumb\"},\"inLanguage\":\"de\",\"potentialAction\":[{\"@type\":\"ReadAction\",\"target\":[\"https:\/\/hdskycam.eu\/?page_id=96\"]}]},{\"@type\":\"BreadcrumbList\",\"@id\":\"https:\/\/hdskycam.eu\/?page_id=96#breadcrumb\",\"itemListElement\":[{\"@type\":\"ListItem\",\"position\":1,\"name\":\"Startseite\",\"item\":\"https:\/\/hdskycam.eu\/\"},{\"@type\":\"ListItem\",\"position\":2,\"name\":\"References\"}]},{\"@type\":\"WebSite\",\"@id\":\"https:\/\/hdskycam.eu\/#website\",\"url\":\"https:\/\/hdskycam.eu\/\",\"name\":\"HD-Skycam TV GmbH\",\"description\":\"Cam\u00e9ra H\u00e9licopt\u00e8re et Drone\",\"publisher\":{\"@id\":\"https:\/\/hdskycam.eu\/#organization\"},\"potentialAction\":[{\"@type\":\"SearchAction\",\"target\":{\"@type\":\"EntryPoint\",\"urlTemplate\":\"https:\/\/hdskycam.eu\/?s={search_term_string}\"},\"query-input\":\"required name=search_term_string\"}],\"inLanguage\":\"de\"},{\"@type\":\"Organization\",\"@id\":\"https:\/\/hdskycam.eu\/#organization\",\"name\":\"HD-Skycam GmbH\",\"url\":\"https:\/\/hdskycam.eu\/\",\"sameAs\":[\"https:\/\/www.instagram.com\/hdskycam\/\",\"https:\/\/www.youtube.com\/user\/HDSkycamGmbH\",\"https:\/\/www.facebook.com\/HDSkycam\/?ref=br_tf\"],\"logo\":{\"@type\":\"ImageObject\",\"inLanguage\":\"de\",\"@id\":\"https:\/\/hdskycam.eu\/#\/schema\/logo\/image\/\",\"url\":\"https:\/\/hdskycam.eu\/wp-content\/uploads\/2018\/02\/hdskycam_logo_schwarz_cd.png\",\"contentUrl\":\"https:\/\/hdskycam.eu\/wp-content\/uploads\/2018\/02\/hdskycam_logo_schwarz_cd.png\",\"width\":640,\"height\":82,\"caption\":\"HD-Skycam GmbH\"},\"image\":{\"@id\":\"https:\/\/hdskycam.eu\/#\/schema\/logo\/image\/\"}}]}<\/script>\n<!-- \/ Yoast SEO plugin. -->","yoast_head_json":{"title":"References - HD-Skycam TV GmbH","description":"Cineflex, GSS und Shotover, Luftbilder, Fahrbilder, weltweit,","robots":{"index":"index","follow":"follow","max-snippet":"max-snippet:-1","max-image-preview":"max-image-preview:large","max-video-preview":"max-video-preview:-1"},"canonical":"https:\/\/hdskycam.eu\/?page_id=96","og_locale":"de_DE","og_type":"article","og_title":"References - HD-Skycam TV GmbH","og_description":"Cineflex, GSS und Shotover, Luftbilder, Fahrbilder, weltweit,","og_url":"https:\/\/hdskycam.eu\/?page_id=96","og_site_name":"HD-Skycam TV GmbH","article_publisher":"https:\/\/www.facebook.com\/HDSkycam\/?ref=br_tf","article_modified_time":"2018-07-30T08:02:00+00:00","twitter_card":"summary_large_image","schema":{"@context":"https:\/\/schema.org","@graph":[{"@type":"WebPage","@id":"https:\/\/hdskycam.eu\/?page_id=96","url":"https:\/\/hdskycam.eu\/?page_id=96","name":"References - HD-Skycam TV GmbH","isPartOf":{"@id":"https:\/\/hdskycam.eu\/#website"},"datePublished":"2018-02-27T15:27:21+00:00","dateModified":"2018-07-30T08:02:00+00:00","description":"Cineflex, GSS und Shotover, Luftbilder, Fahrbilder, weltweit,","breadcrumb":{"@id":"https:\/\/hdskycam.eu\/?page_id=96#breadcrumb"},"inLanguage":"de","potentialAction":[{"@type":"ReadAction","target":["https:\/\/hdskycam.eu\/?page_id=96"]}]},{"@type":"BreadcrumbList","@id":"https:\/\/hdskycam.eu\/?page_id=96#breadcrumb","itemListElement":[{"@type":"ListItem","position":1,"name":"Startseite","item":"https:\/\/hdskycam.eu\/"},{"@type":"ListItem","position":2,"name":"References"}]},{"@type":"WebSite","@id":"https:\/\/hdskycam.eu\/#website","url":"https:\/\/hdskycam.eu\/","name":"HD-Skycam TV GmbH","description":"Cam\u00e9ra H\u00e9licopt\u00e8re et Drone","publisher":{"@id":"https:\/\/hdskycam.eu\/#organization"},"potentialAction":[{"@type":"SearchAction","target":{"@type":"EntryPoint","urlTemplate":"https:\/\/hdskycam.eu\/?s={search_term_string}"},"query-input":"required name=search_term_string"}],"inLanguage":"de"},{"@type":"Organization","@id":"https:\/\/hdskycam.eu\/#organization","name":"HD-Skycam GmbH","url":"https:\/\/hdskycam.eu\/","sameAs":["https:\/\/www.instagram.com\/hdskycam\/","https:\/\/www.youtube.com\/user\/HDSkycamGmbH","https:\/\/www.facebook.com\/HDSkycam\/?ref=br_tf"],"logo":{"@type":"ImageObject","inLanguage":"de","@id":"https:\/\/hdskycam.eu\/#\/schema\/logo\/image\/","url":"https:\/\/hdskycam.eu\/wp-content\/uploads\/2018\/02\/hdskycam_logo_schwarz_cd.png","contentUrl":"https:\/\/hdskycam.eu\/wp-content\/uploads\/2018\/02\/hdskycam_logo_schwarz_cd.png","width":640,"height":82,"caption":"HD-Skycam GmbH"},"image":{"@id":"https:\/\/hdskycam.eu\/#\/schema\/logo\/image\/"}}]}},"_links":{"self":[{"href":"https:\/\/hdskycam.eu\/index.php?rest_route=\/wp\/v2\/pages\/96"}],"collection":[{"href":"https:\/\/hdskycam.eu\/index.php?rest_route=\/wp\/v2\/pages"}],"about":[{"href":"https:\/\/hdskycam.eu\/index.php?rest_route=\/wp\/v2\/types\/page"}],"author":[{"embeddable":true,"href":"https:\/\/hdskycam.eu\/index.php?rest_route=\/wp\/v2\/users\/1"}],"replies":[{"embeddable":true,"href":"https:\/\/hdskycam.eu\/index.php?rest_route=%2Fwp%2Fv2%2Fcomments&post=96"}],"version-history":[{"count":10,"href":"https:\/\/hdskycam.eu\/index.php?rest_route=\/wp\/v2\/pages\/96\/revisions"}],"predecessor-version":[{"id":1548,"href":"https:\/\/hdskycam.eu\/index.php?rest_route=\/wp\/v2\/pages\/96\/revisions\/1548"}],"wp:attachment":[{"href":"https:\/\/hdskycam.eu\/index.php?rest_route=%2Fwp%2Fv2%2Fmedia&parent=96"}],"curies":[{"name":"wp","href":"https:\/\/api.w.org\/{rel}","templated":true}]}}